{"id":6546,"date":"2025-06-25T18:57:51","date_gmt":"2025-06-25T18:57:51","guid":{"rendered":"https:\/\/mhyecommerce.com\/yelekler\/"},"modified":"2025-12-15T09:18:41","modified_gmt":"2025-12-15T09:18:41","slug":"waistcoats","status":"publish","type":"page","link":"https:\/\/mhyecommerce.com\/en\/waistcoats\/","title":{"rendered":"Waistcoats"},"content":{"rendered":"\t\t<div data-elementor-type=\"wp-page\" data-elementor-id=\"6546\" class=\"elementor elementor-6546\">\n\t\t\t\t<div class=\"elementor-element elementor-element-5258a71 e-flex e-con-boxed wpr-particle-no wpr-jarallax-no wpr-parallax-no wpr-sticky-section-no wpr-equal-height-no e-con e-parent\" data-id=\"5258a71\" data-element_type=\"container\" data-e-type=\"container\">\n\t\t\t\t\t<div class=\"e-con-inner\">\n\t\t<div class=\"elementor-element elementor-element-49e98d7 e-con-full e-flex wpr-particle-no wpr-jarallax-no wpr-parallax-no wpr-sticky-section-no wpr-equal-height-no e-con e-child\" data-id=\"49e98d7\" data-element_type=\"container\" data-e-type=\"container\" data-settings=\"{&quot;background_background&quot;:&quot;classic&quot;}\">\n\t\t\t\t<div class=\"elementor-element elementor-element-6726b8f elementor-widget elementor-widget-heading\" data-id=\"6726b8f\" data-element_type=\"widget\" data-e-type=\"widget\" data-widget_type=\"heading.default\">\n\t\t\t\t<div class=\"elementor-widget-container\">\n\t\t\t\t\t<h2 class=\"elementor-heading-title elementor-size-default\">WAISTCOASTS<\/h2>\t\t\t\t<\/div>\n\t\t\t\t<\/div>\n\t\t\t\t<\/div>\n\t\t\t\t\t<\/div>\n\t\t\t\t<\/div>\n\t\t<div class=\"elementor-element elementor-element-cc854c2 e-flex e-con-boxed wpr-particle-no wpr-jarallax-no wpr-parallax-no wpr-sticky-section-no wpr-equal-height-no e-con e-parent\" data-id=\"cc854c2\" data-element_type=\"container\" data-e-type=\"container\">\n\t\t\t\t\t<div class=\"e-con-inner\">\n\t\t\t\t<div class=\"elementor-element elementor-element-79ad6d1 elementor-arrows-position-inside elementor-widget elementor-widget-image-carousel\" data-id=\"79ad6d1\" data-element_type=\"widget\" data-e-type=\"widget\" data-settings=\"{&quot;slides_to_show&quot;:&quot;4&quot;,&quot;slides_to_show_mobile&quot;:&quot;1&quot;,&quot;navigation&quot;:&quot;arrows&quot;,&quot;autoplay&quot;:&quot;yes&quot;,&quot;pause_on_hover&quot;:&quot;yes&quot;,&quot;pause_on_interaction&quot;:&quot;yes&quot;,&quot;autoplay_speed&quot;:5000,&quot;infinite&quot;:&quot;yes&quot;,&quot;speed&quot;:500,&quot;image_spacing_custom&quot;:{&quot;unit&quot;:&quot;px&quot;,&quot;size&quot;:20,&quot;sizes&quot;:[]},&quot;image_spacing_custom_tablet&quot;:{&quot;unit&quot;:&quot;px&quot;,&quot;size&quot;:&quot;&quot;,&quot;sizes&quot;:[]}}\" data-widget_type=\"image-carousel.default\">\n\t\t\t\t<div class=\"elementor-widget-container\">\n\t\t\t\t\t\t\t<div class=\"elementor-image-carousel-wrapper swiper\" role=\"region\" aria-roledescription=\"carousel\" aria-label=\"Resim D\u00f6ng\u00fcs\u00fc\" dir=\"ltr\">\n\t\t\t<div class=\"elementor-image-carousel swiper-wrapper\" aria-live=\"off\">\n\t\t\t\t\t\t\t\t<div class=\"swiper-slide\" role=\"group\" aria-roledescription=\"slide\" aria-label=\"1 of 16\"><a data-elementor-open-lightbox=\"yes\" data-elementor-lightbox-slideshow=\"79ad6d1\" data-e-action-hash=\"#elementor-action%3Aaction%3Dlightbox%26settings%3DeyJpZCI6NDgzNCwidXJsIjoiaHR0cHM6XC9cL21oeWVjb21tZXJjZS5jb21cL3dwLWNvbnRlbnRcL3VwbG9hZHNcLzIwMjVcLzEyXC9GYXNpb24tMTEtc2NhbGVkLmpwZyIsInNsaWRlc2hvdyI6Ijc5YWQ2ZDEifQ%3D%3D\" href=\"https:\/\/mhyecommerce.com\/wp-content\/uploads\/2025\/12\/Fasion-11-scaled.jpg\"><figure class=\"swiper-slide-inner\"><img decoding=\"async\" class=\"swiper-slide-image\" src=\"https:\/\/mhyecommerce.com\/wp-content\/uploads\/2025\/12\/Fasion-11-scaled.jpg\" alt=\"\" \/><\/figure><\/a><\/div><div class=\"swiper-slide\" role=\"group\" aria-roledescription=\"slide\" aria-label=\"2 of 16\"><a data-elementor-open-lightbox=\"yes\" data-elementor-lightbox-slideshow=\"79ad6d1\" data-e-action-hash=\"#elementor-action%3Aaction%3Dlightbox%26settings%3DeyJpZCI6NDgzNSwidXJsIjoiaHR0cHM6XC9cL21oeWVjb21tZXJjZS5jb21cL3dwLWNvbnRlbnRcL3VwbG9hZHNcLzIwMjVcLzEyXC9GYXNpb24tMi1zY2FsZWQuanBnIiwic2xpZGVzaG93IjoiNzlhZDZkMSJ9\" href=\"https:\/\/mhyecommerce.com\/wp-content\/uploads\/2025\/12\/Fasion-2-scaled.jpg\"><figure class=\"swiper-slide-inner\"><img decoding=\"async\" class=\"swiper-slide-image\" src=\"https:\/\/mhyecommerce.com\/wp-content\/uploads\/2025\/12\/Fasion-2-scaled.jpg\" alt=\"\" \/><\/figure><\/a><\/div><div class=\"swiper-slide\" role=\"group\" aria-roledescription=\"slide\" aria-label=\"3 of 16\"><a data-elementor-open-lightbox=\"yes\" data-elementor-lightbox-slideshow=\"79ad6d1\" data-e-action-hash=\"#elementor-action%3Aaction%3Dlightbox%26settings%3DeyJpZCI6NDgzNywidXJsIjoiaHR0cHM6XC9cL21oeWVjb21tZXJjZS5jb21cL3dwLWNvbnRlbnRcL3VwbG9hZHNcLzIwMjVcLzEyXC9GYXNpb24tNC1zY2FsZWQuanBnIiwic2xpZGVzaG93IjoiNzlhZDZkMSJ9\" href=\"https:\/\/mhyecommerce.com\/wp-content\/uploads\/2025\/12\/Fasion-4-scaled.jpg\"><figure class=\"swiper-slide-inner\"><img decoding=\"async\" class=\"swiper-slide-image\" src=\"https:\/\/mhyecommerce.com\/wp-content\/uploads\/2025\/12\/Fasion-4-scaled.jpg\" alt=\"\" \/><\/figure><\/a><\/div><div class=\"swiper-slide\" role=\"group\" aria-roledescription=\"slide\" aria-label=\"4 of 16\"><a data-elementor-open-lightbox=\"yes\" data-elementor-lightbox-slideshow=\"79ad6d1\" data-e-action-hash=\"#elementor-action%3Aaction%3Dlightbox%26settings%3DeyJpZCI6NDgzOCwidXJsIjoiaHR0cHM6XC9cL21oeWVjb21tZXJjZS5jb21cL3dwLWNvbnRlbnRcL3VwbG9hZHNcLzIwMjVcLzEyXC9GYXNpb24tNS1zY2FsZWQuanBnIiwic2xpZGVzaG93IjoiNzlhZDZkMSJ9\" href=\"https:\/\/mhyecommerce.com\/wp-content\/uploads\/2025\/12\/Fasion-5-scaled.jpg\"><figure class=\"swiper-slide-inner\"><img decoding=\"async\" class=\"swiper-slide-image\" src=\"https:\/\/mhyecommerce.com\/wp-content\/uploads\/2025\/12\/Fasion-5-scaled.jpg\" alt=\"\" \/><\/figure><\/a><\/div><div class=\"swiper-slide\" role=\"group\" aria-roledescription=\"slide\" aria-label=\"5 of 16\"><a data-elementor-open-lightbox=\"yes\" data-elementor-lightbox-slideshow=\"79ad6d1\" data-e-action-hash=\"#elementor-action%3Aaction%3Dlightbox%26settings%3DeyJpZCI6NDgzOSwidXJsIjoiaHR0cHM6XC9cL21oeWVjb21tZXJjZS5jb21cL3dwLWNvbnRlbnRcL3VwbG9hZHNcLzIwMjVcLzEyXC9GYXNpb24tNi1zY2FsZWQuanBnIiwic2xpZGVzaG93IjoiNzlhZDZkMSJ9\" href=\"https:\/\/mhyecommerce.com\/wp-content\/uploads\/2025\/12\/Fasion-6-scaled.jpg\"><figure class=\"swiper-slide-inner\"><img decoding=\"async\" class=\"swiper-slide-image\" src=\"https:\/\/mhyecommerce.com\/wp-content\/uploads\/2025\/12\/Fasion-6-scaled.jpg\" alt=\"\" \/><\/figure><\/a><\/div><div class=\"swiper-slide\" role=\"group\" aria-roledescription=\"slide\" aria-label=\"6 of 16\"><a data-elementor-open-lightbox=\"yes\" data-elementor-lightbox-slideshow=\"79ad6d1\" data-e-action-hash=\"#elementor-action%3Aaction%3Dlightbox%26settings%3DeyJpZCI6NDg0MCwidXJsIjoiaHR0cHM6XC9cL21oeWVjb21tZXJjZS5jb21cL3dwLWNvbnRlbnRcL3VwbG9hZHNcLzIwMjVcLzEyXC9GYXNpb24tRGVyaW4tS2lybWl6aS1DZWtldC1zY2FsZWQuanBnIiwic2xpZGVzaG93IjoiNzlhZDZkMSJ9\" href=\"https:\/\/mhyecommerce.com\/wp-content\/uploads\/2025\/12\/Fasion-Derin-Kirmizi-Ceket-scaled.jpg\"><figure class=\"swiper-slide-inner\"><img decoding=\"async\" class=\"swiper-slide-image\" src=\"https:\/\/mhyecommerce.com\/wp-content\/uploads\/2025\/12\/Fasion-Derin-Kirmizi-Ceket-scaled.jpg\" alt=\"\" \/><\/figure><\/a><\/div><div class=\"swiper-slide\" role=\"group\" aria-roledescription=\"slide\" aria-label=\"7 of 16\"><a data-elementor-open-lightbox=\"yes\" data-elementor-lightbox-slideshow=\"79ad6d1\" data-e-action-hash=\"#elementor-action%3Aaction%3Dlightbox%26settings%3DeyJpZCI6NDg0MSwidXJsIjoiaHR0cHM6XC9cL21oeWVjb21tZXJjZS5jb21cL3dwLWNvbnRlbnRcL3VwbG9hZHNcLzIwMjVcLzEyXC9IaWtheWUtQ2VraW0tQmV5YXotS3Vyay1zY2FsZWQuanBnIiwic2xpZGVzaG93IjoiNzlhZDZkMSJ9\" href=\"https:\/\/mhyecommerce.com\/wp-content\/uploads\/2025\/12\/Hikaye-Cekim-Beyaz-Kurk-scaled.jpg\"><figure class=\"swiper-slide-inner\"><img decoding=\"async\" class=\"swiper-slide-image\" src=\"https:\/\/mhyecommerce.com\/wp-content\/uploads\/2025\/12\/Hikaye-Cekim-Beyaz-Kurk-scaled.jpg\" alt=\"\" \/><\/figure><\/a><\/div><div class=\"swiper-slide\" role=\"group\" aria-roledescription=\"slide\" aria-label=\"8 of 16\"><a data-elementor-open-lightbox=\"yes\" data-elementor-lightbox-slideshow=\"79ad6d1\" data-e-action-hash=\"#elementor-action%3Aaction%3Dlightbox%26settings%3DeyJpZCI6NDg0MiwidXJsIjoiaHR0cHM6XC9cL21oeWVjb21tZXJjZS5jb21cL3dwLWNvbnRlbnRcL3VwbG9hZHNcLzIwMjVcLzEyXC9IaWtheWUtQ2VraW0tU2F0cmFuYy0yLTEtc2NhbGVkLmpwZyIsInNsaWRlc2hvdyI6Ijc5YWQ2ZDEifQ%3D%3D\" href=\"https:\/\/mhyecommerce.com\/wp-content\/uploads\/2025\/12\/Hikaye-Cekim-Satranc-2-1-scaled.jpg\"><figure class=\"swiper-slide-inner\"><img decoding=\"async\" class=\"swiper-slide-image\" src=\"https:\/\/mhyecommerce.com\/wp-content\/uploads\/2025\/12\/Hikaye-Cekim-Satranc-2-1-scaled.jpg\" alt=\"\" \/><\/figure><\/a><\/div><div class=\"swiper-slide\" role=\"group\" aria-roledescription=\"slide\" aria-label=\"9 of 16\"><a data-elementor-open-lightbox=\"yes\" data-elementor-lightbox-slideshow=\"79ad6d1\" data-e-action-hash=\"#elementor-action%3Aaction%3Dlightbox%26settings%3DeyJpZCI6NDg0NSwidXJsIjoiaHR0cHM6XC9cL21oeWVjb21tZXJjZS5jb21cL3dwLWNvbnRlbnRcL3VwbG9hZHNcLzIwMjVcLzEyXC9Nb2RlbC1EdXotQmV5YXotS3Vyay0xLXNjYWxlZC5qcGciLCJzbGlkZXNob3ciOiI3OWFkNmQxIn0%3D\" href=\"https:\/\/mhyecommerce.com\/wp-content\/uploads\/2025\/12\/Model-Duz-Beyaz-Kurk-1-scaled.jpg\"><figure class=\"swiper-slide-inner\"><img decoding=\"async\" class=\"swiper-slide-image\" src=\"https:\/\/mhyecommerce.com\/wp-content\/uploads\/2025\/12\/Model-Duz-Beyaz-Kurk-1-scaled.jpg\" alt=\"\" \/><\/figure><\/a><\/div><div class=\"swiper-slide\" role=\"group\" aria-roledescription=\"slide\" aria-label=\"10 of 16\"><a data-elementor-open-lightbox=\"yes\" data-elementor-lightbox-slideshow=\"79ad6d1\" data-e-action-hash=\"#elementor-action%3Aaction%3Dlightbox%26settings%3DeyJpZCI6NDg0NiwidXJsIjoiaHR0cHM6XC9cL21oeWVjb21tZXJjZS5jb21cL3dwLWNvbnRlbnRcL3VwbG9hZHNcLzIwMjVcLzEyXC9Nb2RlbC1EdXotS2FybWEtS3Vyay0xLTEtc2NhbGVkLmpwZyIsInNsaWRlc2hvdyI6Ijc5YWQ2ZDEifQ%3D%3D\" href=\"https:\/\/mhyecommerce.com\/wp-content\/uploads\/2025\/12\/Model-Duz-Karma-Kurk-1-1-scaled.jpg\"><figure class=\"swiper-slide-inner\"><img decoding=\"async\" class=\"swiper-slide-image\" src=\"https:\/\/mhyecommerce.com\/wp-content\/uploads\/2025\/12\/Model-Duz-Karma-Kurk-1-1-scaled.jpg\" alt=\"\" \/><\/figure><\/a><\/div><div class=\"swiper-slide\" role=\"group\" aria-roledescription=\"slide\" aria-label=\"11 of 16\"><a data-elementor-open-lightbox=\"yes\" data-elementor-lightbox-slideshow=\"79ad6d1\" data-e-action-hash=\"#elementor-action%3Aaction%3Dlightbox%26settings%3DeyJpZCI6NDg0NywidXJsIjoiaHR0cHM6XC9cL21oeWVjb21tZXJjZS5jb21cL3dwLWNvbnRlbnRcL3VwbG9hZHNcLzIwMjVcLzEyXC9Nb2RlbC1EdXotS2FybWEtS3Vyay0yLTEtc2NhbGVkLmpwZyIsInNsaWRlc2hvdyI6Ijc5YWQ2ZDEifQ%3D%3D\" href=\"https:\/\/mhyecommerce.com\/wp-content\/uploads\/2025\/12\/Model-Duz-Karma-Kurk-2-1-scaled.jpg\"><figure class=\"swiper-slide-inner\"><img decoding=\"async\" class=\"swiper-slide-image\" src=\"https:\/\/mhyecommerce.com\/wp-content\/uploads\/2025\/12\/Model-Duz-Karma-Kurk-2-1-scaled.jpg\" alt=\"\" \/><\/figure><\/a><\/div><div class=\"swiper-slide\" role=\"group\" aria-roledescription=\"slide\" aria-label=\"12 of 16\"><a data-elementor-open-lightbox=\"yes\" data-elementor-lightbox-slideshow=\"79ad6d1\" data-e-action-hash=\"#elementor-action%3Aaction%3Dlightbox%26settings%3DeyJpZCI6NDg0OCwidXJsIjoiaHR0cHM6XC9cL21oeWVjb21tZXJjZS5jb21cL3dwLWNvbnRlbnRcL3VwbG9hZHNcLzIwMjVcLzEyXC9Nb2RlbC1EdXotS2FybWEtU2l5YWgtS3Vyay0xLTEtc2NhbGVkLmpwZyIsInNsaWRlc2hvdyI6Ijc5YWQ2ZDEifQ%3D%3D\" href=\"https:\/\/mhyecommerce.com\/wp-content\/uploads\/2025\/12\/Model-Duz-Karma-Siyah-Kurk-1-1-scaled.jpg\"><figure class=\"swiper-slide-inner\"><img decoding=\"async\" class=\"swiper-slide-image\" src=\"https:\/\/mhyecommerce.com\/wp-content\/uploads\/2025\/12\/Model-Duz-Karma-Siyah-Kurk-1-1-scaled.jpg\" alt=\"\" \/><\/figure><\/a><\/div><div class=\"swiper-slide\" role=\"group\" aria-roledescription=\"slide\" aria-label=\"13 of 16\"><a data-elementor-open-lightbox=\"yes\" data-elementor-lightbox-slideshow=\"79ad6d1\" data-e-action-hash=\"#elementor-action%3Aaction%3Dlightbox%26settings%3DeyJpZCI6NDg1MCwidXJsIjoiaHR0cHM6XC9cL21oeWVjb21tZXJjZS5jb21cL3dwLWNvbnRlbnRcL3VwbG9hZHNcLzIwMjVcLzEyXC9Nb2RlbC1EdXotS2lybWl6aS1LdXJrLS1zY2FsZWQuanBnIiwic2xpZGVzaG93IjoiNzlhZDZkMSJ9\" href=\"https:\/\/mhyecommerce.com\/wp-content\/uploads\/2025\/12\/Model-Duz-Kirmizi-Kurk--scaled.jpg\"><figure class=\"swiper-slide-inner\"><img decoding=\"async\" class=\"swiper-slide-image\" src=\"https:\/\/mhyecommerce.com\/wp-content\/uploads\/2025\/12\/Model-Duz-Kirmizi-Kurk--scaled.jpg\" alt=\"\" \/><\/figure><\/a><\/div><div class=\"swiper-slide\" role=\"group\" aria-roledescription=\"slide\" aria-label=\"14 of 16\"><a data-elementor-open-lightbox=\"yes\" data-elementor-lightbox-slideshow=\"79ad6d1\" data-e-action-hash=\"#elementor-action%3Aaction%3Dlightbox%26settings%3DeyJpZCI6NDg1MSwidXJsIjoiaHR0cHM6XC9cL21oeWVjb21tZXJjZS5jb21cL3dwLWNvbnRlbnRcL3VwbG9hZHNcLzIwMjVcLzEyXC9Nb2RlbC1EdXotU2l5YWgtRGVzZW4tS3Vyay0tc2NhbGVkLmpwZyIsInNsaWRlc2hvdyI6Ijc5YWQ2ZDEifQ%3D%3D\" href=\"https:\/\/mhyecommerce.com\/wp-content\/uploads\/2025\/12\/Model-Duz-Siyah-Desen-Kurk--scaled.jpg\"><figure class=\"swiper-slide-inner\"><img decoding=\"async\" class=\"swiper-slide-image\" src=\"https:\/\/mhyecommerce.com\/wp-content\/uploads\/2025\/12\/Model-Duz-Siyah-Desen-Kurk--scaled.jpg\" alt=\"\" \/><\/figure><\/a><\/div><div class=\"swiper-slide\" role=\"group\" aria-roledescription=\"slide\" aria-label=\"15 of 16\"><a data-elementor-open-lightbox=\"yes\" data-elementor-lightbox-slideshow=\"79ad6d1\" data-e-action-hash=\"#elementor-action%3Aaction%3Dlightbox%26settings%3DeyJpZCI6NDg1MiwidXJsIjoiaHR0cHM6XC9cL21oeWVjb21tZXJjZS5jb21cL3dwLWNvbnRlbnRcL3VwbG9hZHNcLzIwMjVcLzEyXC9Nb25va3JvbS0yLTEtc2NhbGVkLmpwZyIsInNsaWRlc2hvdyI6Ijc5YWQ2ZDEifQ%3D%3D\" href=\"https:\/\/mhyecommerce.com\/wp-content\/uploads\/2025\/12\/Monokrom-2-1-scaled.jpg\"><figure class=\"swiper-slide-inner\"><img decoding=\"async\" class=\"swiper-slide-image\" src=\"https:\/\/mhyecommerce.com\/wp-content\/uploads\/2025\/12\/Monokrom-2-1-scaled.jpg\" alt=\"\" \/><\/figure><\/a><\/div><div class=\"swiper-slide\" role=\"group\" aria-roledescription=\"slide\" aria-label=\"16 of 16\"><a data-elementor-open-lightbox=\"yes\" data-elementor-lightbox-slideshow=\"79ad6d1\" data-e-action-hash=\"#elementor-action%3Aaction%3Dlightbox%26settings%3DeyJpZCI6NDg1MywidXJsIjoiaHR0cHM6XC9cL21oeWVjb21tZXJjZS5jb21cL3dwLWNvbnRlbnRcL3VwbG9hZHNcLzIwMjVcLzEyXC9Nb25va3JvbS0zLXNjYWxlZC5qcGciLCJzbGlkZXNob3ciOiI3OWFkNmQxIn0%3D\" href=\"https:\/\/mhyecommerce.com\/wp-content\/uploads\/2025\/12\/Monokrom-3-scaled.jpg\"><figure class=\"swiper-slide-inner\"><img decoding=\"async\" class=\"swiper-slide-image\" src=\"https:\/\/mhyecommerce.com\/wp-content\/uploads\/2025\/12\/Monokrom-3-scaled.jpg\" alt=\"\" \/><\/figure><\/a><\/div>\t\t\t<\/div>\n\t\t\t\t\t\t\t\t\t\t\t\t<div class=\"elementor-swiper-button elementor-swiper-button-prev\" role=\"button\" tabindex=\"0\">\n\t\t\t\t\t\t<i aria-hidden=\"true\" class=\"eicon-chevron-left\"><\/i>\t\t\t\t\t<\/div>\n\t\t\t\t\t<div class=\"elementor-swiper-button elementor-swiper-button-next\" role=\"button\" tabindex=\"0\">\n\t\t\t\t\t\t<i aria-hidden=\"true\" class=\"eicon-chevron-right\"><\/i>\t\t\t\t\t<\/div>\n\t\t\t\t\n\t\t\t\t\t\t\t\t\t<\/div>\n\t\t\t\t\t\t<\/div>\n\t\t\t\t<\/div>\n\t\t\t\t<div class=\"elementor-element elementor-element-819cc67 elementor-widget elementor-widget-text-editor\" data-id=\"819cc67\" data-element_type=\"widget\" data-e-type=\"widget\" data-widget_type=\"text-editor.default\">\n\t\t\t\t<div class=\"elementor-widget-container\">\n\t\t\t\t\t\t\t\t\t<p>FORQFORTY\u2019s vest collection stands out as a symbol of <strong>layered elegance<\/strong>. It offers an ideal option for those who want to <strong>look stylish<\/strong> while still <strong>moving comfortably<\/strong> in cold weather. Each vest is a special piece that completes everyday style and adds a <strong>refined touch<\/strong> to your outfit.<\/p><p>In this collection, <strong>functionality<\/strong> and <strong>modern aesthetics<\/strong> are brought together in perfect harmony. Designs that can be worn effortlessly in <strong>city life<\/strong> or on <strong>special occasions<\/strong> are shaped with <strong>clean yet striking lines<\/strong>. With <strong>easy-to-wear<\/strong>, <strong>lightweight<\/strong>, and <strong>body-adapting<\/strong> structures, they provide <strong>all-day comfort<\/strong>.<\/p><p>Our vests are enriched with <strong>soft and eye-catching fur details<\/strong>. Textures such as <strong>Faux Mink, Faux Toscana, and Faux Fox<\/strong> offer a <strong>natural look<\/strong> while staying true to an <strong>ethical production approach<\/strong>. This way, when choosing a piece that completes your style, you also make an <strong>environmentally conscious choice<\/strong>.<\/p><p>With <strong>a variety of colors and models<\/strong> to suit every taste, this collection is designed to add a <strong>modern, warm, and timeless touch<\/strong> to your wardrobe. A staple of layered dressing, these vests pair easily with both <strong>casual<\/strong> and <strong>classic outfits<\/strong>.<\/p><p>If you\u2019re looking for a statement piece that will <strong>elevate your style<\/strong> and help you <strong>stand out<\/strong>, now is the perfect time to explore our vest collection!<\/p>\t\t\t\t\t\t\t\t<\/div>\n\t\t\t\t<\/div>\n\t\t\t\t\t<\/div>\n\t\t\t\t<\/div>\n\t\t\t\t<\/div>\n\t\t","protected":false},"excerpt":{"rendered":"<p>WAISTCOASTS FORQFORTY\u2019s vest collection stands out as a symbol of layered elegance. It offers an ideal option for those who want to look stylish while still moving comfortably in cold weather. Each vest is a special piece that completes everyday style and adds a refined touch to your outfit. In this collection, functionality and modern aesthetics are brought together in perfect harmony. Designs that can be worn effortlessly in city life or on special occasions are shaped with clean yet striking lines. With easy-to-wear, lightweight, and body-adapting structures, they provide all-day comfort. Our vests are enriched with soft and eye-catching fur details. Textures such as Faux Mink, Faux Toscana, and Faux Fox offer a natural look while staying true to an ethical production approach. This way, when choosing a piece that completes your style, you also make an environmentally conscious choice. With a variety of colors and models to suit every taste, this collection is designed to add a modern, warm, and timeless touch to your wardrobe. A staple of layered dressing, these vests pair easily with both casual and classic outfits. If you\u2019re looking for a statement piece that will elevate your style and help you stand out, now is the perfect time to explore our vest collection!<\/p>\n","protected":false},"author":1,"featured_media":0,"parent":0,"menu_order":0,"comment_status":"closed","ping_status":"closed","template":"","meta":{"site-sidebar-layout":"no-sidebar","site-content-layout":"page-builder","ast-site-content-layout":"full-width-container","site-content-style":"unboxed","site-sidebar-style":"unboxed","ast-global-header-display":"","ast-banner-title-visibility":"","ast-main-header-display":"","ast-hfb-above-header-display":"","ast-hfb-below-header-display":"","ast-hfb-mobile-header-display":"","site-post-title":"disabled","ast-breadcrumbs-content":"disabled","ast-featured-img":"disabled","footer-sml-layout":"","ast-disable-related-posts":"","theme-transparent-header-meta":"enabled","adv-header-id-meta":"","stick-header-meta":"","header-above-stick-meta":"","header-main-stick-meta":"","header-below-stick-meta":"","astra-migrate-meta-layouts":"set","ast-page-background-enabled":"default","ast-page-background-meta":{"desktop":{"background-color":"","background-image":"","background-repeat":"repeat","background-position":"center center","background-size":"auto","background-attachment":"scroll","background-type":"","background-media":"","overlay-type":"","overlay-color":"","overlay-opacity":"","overlay-gradient":""},"tablet":{"background-color":"","background-image":"","background-repeat":"repeat","background-position":"center center","background-size":"auto","background-attachment":"scroll","background-type":"","background-media":"","overlay-type":"","overlay-color":"","overlay-opacity":"","overlay-gradient":""},"mobile":{"background-color":"","background-image":"","background-repeat":"repeat","background-position":"center center","background-size":"auto","background-attachment":"scroll","background-type":"","background-media":"","overlay-type":"","overlay-color":"","overlay-opacity":"","overlay-gradient":""}},"ast-content-background-meta":{"desktop":{"background-color":"var(--ast-global-color-5)","background-image":"","background-repeat":"repeat","background-position":"center center","background-size":"auto","background-attachment":"scroll","background-type":"","background-media":"","overlay-type":"","overlay-color":"","overlay-opacity":"","overlay-gradient":""},"tablet":{"background-color":"var(--ast-global-color-5)","background-image":"","background-repeat":"repeat","background-position":"center center","background-size":"auto","background-attachment":"scroll","background-type":"","background-media":"","overlay-type":"","overlay-color":"","overlay-opacity":"","overlay-gradient":""},"mobile":{"background-color":"var(--ast-global-color-5)","background-image":"","background-repeat":"repeat","background-position":"center center","background-size":"auto","background-attachment":"scroll","background-type":"","background-media":"","overlay-type":"","overlay-color":"","overlay-opacity":"","overlay-gradient":""}},"footnotes":""},"class_list":["post-6546","page","type-page","status-publish","hentry"],"_links":{"self":[{"href":"https:\/\/mhyecommerce.com\/en\/wp-json\/wp\/v2\/pages\/6546","targetHints":{"allow":["GET"]}}],"collection":[{"href":"https:\/\/mhyecommerce.com\/en\/wp-json\/wp\/v2\/pages"}],"about":[{"href":"https:\/\/mhyecommerce.com\/en\/wp-json\/wp\/v2\/types\/page"}],"author":[{"embeddable":true,"href":"https:\/\/mhyecommerce.com\/en\/wp-json\/wp\/v2\/users\/1"}],"replies":[{"embeddable":true,"href":"https:\/\/mhyecommerce.com\/en\/wp-json\/wp\/v2\/comments?post=6546"}],"version-history":[{"count":19,"href":"https:\/\/mhyecommerce.com\/en\/wp-json\/wp\/v2\/pages\/6546\/revisions"}],"predecessor-version":[{"id":7573,"href":"https:\/\/mhyecommerce.com\/en\/wp-json\/wp\/v2\/pages\/6546\/revisions\/7573"}],"wp:attachment":[{"href":"https:\/\/mhyecommerce.com\/en\/wp-json\/wp\/v2\/media?parent=6546"}],"curies":[{"name":"wp","href":"https:\/\/api.w.org\/{rel}","templated":true}]}}