{"id":6547,"date":"2025-06-25T18:52:55","date_gmt":"2025-06-25T18:52:55","guid":{"rendered":"https:\/\/mhyecommerce.com\/montlar\/"},"modified":"2025-12-15T09:18:28","modified_gmt":"2025-12-15T09:18:28","slug":"jackets","status":"publish","type":"page","link":"https:\/\/mhyecommerce.com\/en\/jackets\/","title":{"rendered":"Jackets"},"content":{"rendered":"\t\t<div data-elementor-type=\"wp-page\" data-elementor-id=\"6547\" class=\"elementor elementor-6547\">\n\t\t\t\t<div class=\"elementor-element elementor-element-e258d92 e-flex e-con-boxed wpr-particle-no wpr-jarallax-no wpr-parallax-no wpr-sticky-section-no wpr-equal-height-no e-con e-parent\" data-id=\"e258d92\" data-element_type=\"container\" data-e-type=\"container\">\n\t\t\t\t\t<div class=\"e-con-inner\">\n\t\t<div class=\"elementor-element elementor-element-ac020b0 e-con-full e-flex wpr-particle-no wpr-jarallax-no wpr-parallax-no wpr-sticky-section-no wpr-equal-height-no e-con e-child\" data-id=\"ac020b0\" data-element_type=\"container\" data-e-type=\"container\" data-settings=\"{&quot;background_background&quot;:&quot;classic&quot;}\">\n\t\t\t\t<div class=\"elementor-element elementor-element-c911cf0 elementor-widget elementor-widget-heading\" data-id=\"c911cf0\" data-element_type=\"widget\" data-e-type=\"widget\" data-widget_type=\"heading.default\">\n\t\t\t\t<div class=\"elementor-widget-container\">\n\t\t\t\t\t<h2 class=\"elementor-heading-title elementor-size-default\">JACKETS<\/h2>\t\t\t\t<\/div>\n\t\t\t\t<\/div>\n\t\t\t\t<\/div>\n\t\t\t\t\t<\/div>\n\t\t\t\t<\/div>\n\t\t<div class=\"elementor-element elementor-element-cc854c2 e-flex e-con-boxed wpr-particle-no wpr-jarallax-no wpr-parallax-no wpr-sticky-section-no wpr-equal-height-no e-con e-parent\" data-id=\"cc854c2\" data-element_type=\"container\" data-e-type=\"container\">\n\t\t\t\t\t<div class=\"e-con-inner\">\n\t\t\t\t<div class=\"elementor-element elementor-element-242fcb9 elementor-arrows-position-inside elementor-widget elementor-widget-image-carousel\" data-id=\"242fcb9\" data-element_type=\"widget\" data-e-type=\"widget\" data-settings=\"{&quot;slides_to_show&quot;:&quot;4&quot;,&quot;slides_to_show_mobile&quot;:&quot;1&quot;,&quot;navigation&quot;:&quot;arrows&quot;,&quot;autoplay&quot;:&quot;yes&quot;,&quot;pause_on_hover&quot;:&quot;yes&quot;,&quot;pause_on_interaction&quot;:&quot;yes&quot;,&quot;autoplay_speed&quot;:5000,&quot;infinite&quot;:&quot;yes&quot;,&quot;speed&quot;:500,&quot;image_spacing_custom&quot;:{&quot;unit&quot;:&quot;px&quot;,&quot;size&quot;:20,&quot;sizes&quot;:[]},&quot;image_spacing_custom_tablet&quot;:{&quot;unit&quot;:&quot;px&quot;,&quot;size&quot;:&quot;&quot;,&quot;sizes&quot;:[]}}\" data-widget_type=\"image-carousel.default\">\n\t\t\t\t<div class=\"elementor-widget-container\">\n\t\t\t\t\t\t\t<div class=\"elementor-image-carousel-wrapper swiper\" role=\"region\" aria-roledescription=\"carousel\" aria-label=\"Resim D\u00f6ng\u00fcs\u00fc\" dir=\"ltr\">\n\t\t\t<div class=\"elementor-image-carousel swiper-wrapper\" aria-live=\"off\">\n\t\t\t\t\t\t\t\t<div class=\"swiper-slide\" role=\"group\" aria-roledescription=\"slide\" aria-label=\"1 of 16\"><a data-elementor-open-lightbox=\"yes\" data-elementor-lightbox-slideshow=\"242fcb9\" data-e-action-hash=\"#elementor-action%3Aaction%3Dlightbox%26settings%3DeyJpZCI6NDg1MiwidXJsIjoiaHR0cHM6XC9cL21oeWVjb21tZXJjZS5jb21cL3dwLWNvbnRlbnRcL3VwbG9hZHNcLzIwMjVcLzEyXC9Nb25va3JvbS0yLTEtc2NhbGVkLmpwZyIsInNsaWRlc2hvdyI6IjI0MmZjYjkifQ%3D%3D\" href=\"https:\/\/mhyecommerce.com\/wp-content\/uploads\/2025\/12\/Monokrom-2-1-scaled.jpg\"><figure class=\"swiper-slide-inner\"><img decoding=\"async\" class=\"swiper-slide-image\" src=\"https:\/\/mhyecommerce.com\/wp-content\/uploads\/2025\/12\/Monokrom-2-1-scaled.jpg\" alt=\"\" \/><\/figure><\/a><\/div><div class=\"swiper-slide\" role=\"group\" aria-roledescription=\"slide\" aria-label=\"2 of 16\"><a data-elementor-open-lightbox=\"yes\" data-elementor-lightbox-slideshow=\"242fcb9\" data-e-action-hash=\"#elementor-action%3Aaction%3Dlightbox%26settings%3DeyJpZCI6NDg1MSwidXJsIjoiaHR0cHM6XC9cL21oeWVjb21tZXJjZS5jb21cL3dwLWNvbnRlbnRcL3VwbG9hZHNcLzIwMjVcLzEyXC9Nb2RlbC1EdXotU2l5YWgtRGVzZW4tS3Vyay0tc2NhbGVkLmpwZyIsInNsaWRlc2hvdyI6IjI0MmZjYjkifQ%3D%3D\" href=\"https:\/\/mhyecommerce.com\/wp-content\/uploads\/2025\/12\/Model-Duz-Siyah-Desen-Kurk--scaled.jpg\"><figure class=\"swiper-slide-inner\"><img decoding=\"async\" class=\"swiper-slide-image\" src=\"https:\/\/mhyecommerce.com\/wp-content\/uploads\/2025\/12\/Model-Duz-Siyah-Desen-Kurk--scaled.jpg\" alt=\"\" \/><\/figure><\/a><\/div><div class=\"swiper-slide\" role=\"group\" aria-roledescription=\"slide\" aria-label=\"3 of 16\"><a data-elementor-open-lightbox=\"yes\" data-elementor-lightbox-slideshow=\"242fcb9\" data-e-action-hash=\"#elementor-action%3Aaction%3Dlightbox%26settings%3DeyJpZCI6NDg1MCwidXJsIjoiaHR0cHM6XC9cL21oeWVjb21tZXJjZS5jb21cL3dwLWNvbnRlbnRcL3VwbG9hZHNcLzIwMjVcLzEyXC9Nb2RlbC1EdXotS2lybWl6aS1LdXJrLS1zY2FsZWQuanBnIiwic2xpZGVzaG93IjoiMjQyZmNiOSJ9\" href=\"https:\/\/mhyecommerce.com\/wp-content\/uploads\/2025\/12\/Model-Duz-Kirmizi-Kurk--scaled.jpg\"><figure class=\"swiper-slide-inner\"><img decoding=\"async\" class=\"swiper-slide-image\" src=\"https:\/\/mhyecommerce.com\/wp-content\/uploads\/2025\/12\/Model-Duz-Kirmizi-Kurk--scaled.jpg\" alt=\"\" \/><\/figure><\/a><\/div><div class=\"swiper-slide\" role=\"group\" aria-roledescription=\"slide\" aria-label=\"4 of 16\"><a data-elementor-open-lightbox=\"yes\" data-elementor-lightbox-slideshow=\"242fcb9\" data-e-action-hash=\"#elementor-action%3Aaction%3Dlightbox%26settings%3DeyJpZCI6NDg0OCwidXJsIjoiaHR0cHM6XC9cL21oeWVjb21tZXJjZS5jb21cL3dwLWNvbnRlbnRcL3VwbG9hZHNcLzIwMjVcLzEyXC9Nb2RlbC1EdXotS2FybWEtU2l5YWgtS3Vyay0xLTEtc2NhbGVkLmpwZyIsInNsaWRlc2hvdyI6IjI0MmZjYjkifQ%3D%3D\" href=\"https:\/\/mhyecommerce.com\/wp-content\/uploads\/2025\/12\/Model-Duz-Karma-Siyah-Kurk-1-1-scaled.jpg\"><figure class=\"swiper-slide-inner\"><img decoding=\"async\" class=\"swiper-slide-image\" src=\"https:\/\/mhyecommerce.com\/wp-content\/uploads\/2025\/12\/Model-Duz-Karma-Siyah-Kurk-1-1-scaled.jpg\" alt=\"\" \/><\/figure><\/a><\/div><div class=\"swiper-slide\" role=\"group\" aria-roledescription=\"slide\" aria-label=\"5 of 16\"><a data-elementor-open-lightbox=\"yes\" data-elementor-lightbox-slideshow=\"242fcb9\" data-e-action-hash=\"#elementor-action%3Aaction%3Dlightbox%26settings%3DeyJpZCI6NDg0NiwidXJsIjoiaHR0cHM6XC9cL21oeWVjb21tZXJjZS5jb21cL3dwLWNvbnRlbnRcL3VwbG9hZHNcLzIwMjVcLzEyXC9Nb2RlbC1EdXotS2FybWEtS3Vyay0xLTEtc2NhbGVkLmpwZyIsInNsaWRlc2hvdyI6IjI0MmZjYjkifQ%3D%3D\" href=\"https:\/\/mhyecommerce.com\/wp-content\/uploads\/2025\/12\/Model-Duz-Karma-Kurk-1-1-scaled.jpg\"><figure class=\"swiper-slide-inner\"><img decoding=\"async\" class=\"swiper-slide-image\" src=\"https:\/\/mhyecommerce.com\/wp-content\/uploads\/2025\/12\/Model-Duz-Karma-Kurk-1-1-scaled.jpg\" alt=\"\" \/><\/figure><\/a><\/div><div class=\"swiper-slide\" role=\"group\" aria-roledescription=\"slide\" aria-label=\"6 of 16\"><a data-elementor-open-lightbox=\"yes\" data-elementor-lightbox-slideshow=\"242fcb9\" data-e-action-hash=\"#elementor-action%3Aaction%3Dlightbox%26settings%3DeyJpZCI6NDg0NSwidXJsIjoiaHR0cHM6XC9cL21oeWVjb21tZXJjZS5jb21cL3dwLWNvbnRlbnRcL3VwbG9hZHNcLzIwMjVcLzEyXC9Nb2RlbC1EdXotQmV5YXotS3Vyay0xLXNjYWxlZC5qcGciLCJzbGlkZXNob3ciOiIyNDJmY2I5In0%3D\" href=\"https:\/\/mhyecommerce.com\/wp-content\/uploads\/2025\/12\/Model-Duz-Beyaz-Kurk-1-scaled.jpg\"><figure class=\"swiper-slide-inner\"><img decoding=\"async\" class=\"swiper-slide-image\" src=\"https:\/\/mhyecommerce.com\/wp-content\/uploads\/2025\/12\/Model-Duz-Beyaz-Kurk-1-scaled.jpg\" alt=\"\" \/><\/figure><\/a><\/div><div class=\"swiper-slide\" role=\"group\" aria-roledescription=\"slide\" aria-label=\"7 of 16\"><a data-elementor-open-lightbox=\"yes\" data-elementor-lightbox-slideshow=\"242fcb9\" data-e-action-hash=\"#elementor-action%3Aaction%3Dlightbox%26settings%3DeyJpZCI6NDg0NCwidXJsIjoiaHR0cHM6XC9cL21oeWVjb21tZXJjZS5jb21cL3dwLWNvbnRlbnRcL3VwbG9hZHNcLzIwMjVcLzEyXC9IaWtheWUtQ2VraW0tU2F0cmFuYy1zY2FsZWQuanBnIiwic2xpZGVzaG93IjoiMjQyZmNiOSJ9\" href=\"https:\/\/mhyecommerce.com\/wp-content\/uploads\/2025\/12\/Hikaye-Cekim-Satranc-scaled.jpg\"><figure class=\"swiper-slide-inner\"><img decoding=\"async\" class=\"swiper-slide-image\" src=\"https:\/\/mhyecommerce.com\/wp-content\/uploads\/2025\/12\/Hikaye-Cekim-Satranc-scaled.jpg\" alt=\"\" \/><\/figure><\/a><\/div><div class=\"swiper-slide\" role=\"group\" aria-roledescription=\"slide\" aria-label=\"8 of 16\"><a data-elementor-open-lightbox=\"yes\" data-elementor-lightbox-slideshow=\"242fcb9\" data-e-action-hash=\"#elementor-action%3Aaction%3Dlightbox%26settings%3DeyJpZCI6NDg1NCwidXJsIjoiaHR0cHM6XC9cL21oeWVjb21tZXJjZS5jb21cL3dwLWNvbnRlbnRcL3VwbG9hZHNcLzIwMjVcLzEyXC9Nb25va3JvbS1zY2FsZWQuanBnIiwic2xpZGVzaG93IjoiMjQyZmNiOSJ9\" href=\"https:\/\/mhyecommerce.com\/wp-content\/uploads\/2025\/12\/Monokrom-scaled.jpg\"><figure class=\"swiper-slide-inner\"><img decoding=\"async\" class=\"swiper-slide-image\" src=\"https:\/\/mhyecommerce.com\/wp-content\/uploads\/2025\/12\/Monokrom-scaled.jpg\" alt=\"\" \/><\/figure><\/a><\/div><div class=\"swiper-slide\" role=\"group\" aria-roledescription=\"slide\" aria-label=\"9 of 16\"><a data-elementor-open-lightbox=\"yes\" data-elementor-lightbox-slideshow=\"242fcb9\" data-e-action-hash=\"#elementor-action%3Aaction%3Dlightbox%26settings%3DeyJpZCI6NDg0MSwidXJsIjoiaHR0cHM6XC9cL21oeWVjb21tZXJjZS5jb21cL3dwLWNvbnRlbnRcL3VwbG9hZHNcLzIwMjVcLzEyXC9IaWtheWUtQ2VraW0tQmV5YXotS3Vyay1zY2FsZWQuanBnIiwic2xpZGVzaG93IjoiMjQyZmNiOSJ9\" href=\"https:\/\/mhyecommerce.com\/wp-content\/uploads\/2025\/12\/Hikaye-Cekim-Beyaz-Kurk-scaled.jpg\"><figure class=\"swiper-slide-inner\"><img decoding=\"async\" class=\"swiper-slide-image\" src=\"https:\/\/mhyecommerce.com\/wp-content\/uploads\/2025\/12\/Hikaye-Cekim-Beyaz-Kurk-scaled.jpg\" alt=\"\" \/><\/figure><\/a><\/div><div class=\"swiper-slide\" role=\"group\" aria-roledescription=\"slide\" aria-label=\"10 of 16\"><a data-elementor-open-lightbox=\"yes\" data-elementor-lightbox-slideshow=\"242fcb9\" data-e-action-hash=\"#elementor-action%3Aaction%3Dlightbox%26settings%3DeyJpZCI6NDg0MCwidXJsIjoiaHR0cHM6XC9cL21oeWVjb21tZXJjZS5jb21cL3dwLWNvbnRlbnRcL3VwbG9hZHNcLzIwMjVcLzEyXC9GYXNpb24tRGVyaW4tS2lybWl6aS1DZWtldC1zY2FsZWQuanBnIiwic2xpZGVzaG93IjoiMjQyZmNiOSJ9\" href=\"https:\/\/mhyecommerce.com\/wp-content\/uploads\/2025\/12\/Fasion-Derin-Kirmizi-Ceket-scaled.jpg\"><figure class=\"swiper-slide-inner\"><img decoding=\"async\" class=\"swiper-slide-image\" src=\"https:\/\/mhyecommerce.com\/wp-content\/uploads\/2025\/12\/Fasion-Derin-Kirmizi-Ceket-scaled.jpg\" alt=\"\" \/><\/figure><\/a><\/div><div class=\"swiper-slide\" role=\"group\" aria-roledescription=\"slide\" aria-label=\"11 of 16\"><a data-elementor-open-lightbox=\"yes\" data-elementor-lightbox-slideshow=\"242fcb9\" data-e-action-hash=\"#elementor-action%3Aaction%3Dlightbox%26settings%3DeyJpZCI6NDgzOSwidXJsIjoiaHR0cHM6XC9cL21oeWVjb21tZXJjZS5jb21cL3dwLWNvbnRlbnRcL3VwbG9hZHNcLzIwMjVcLzEyXC9GYXNpb24tNi1zY2FsZWQuanBnIiwic2xpZGVzaG93IjoiMjQyZmNiOSJ9\" href=\"https:\/\/mhyecommerce.com\/wp-content\/uploads\/2025\/12\/Fasion-6-scaled.jpg\"><figure class=\"swiper-slide-inner\"><img decoding=\"async\" class=\"swiper-slide-image\" src=\"https:\/\/mhyecommerce.com\/wp-content\/uploads\/2025\/12\/Fasion-6-scaled.jpg\" alt=\"\" \/><\/figure><\/a><\/div><div class=\"swiper-slide\" role=\"group\" aria-roledescription=\"slide\" aria-label=\"12 of 16\"><a data-elementor-open-lightbox=\"yes\" data-elementor-lightbox-slideshow=\"242fcb9\" data-e-action-hash=\"#elementor-action%3Aaction%3Dlightbox%26settings%3DeyJpZCI6NDgzOCwidXJsIjoiaHR0cHM6XC9cL21oeWVjb21tZXJjZS5jb21cL3dwLWNvbnRlbnRcL3VwbG9hZHNcLzIwMjVcLzEyXC9GYXNpb24tNS1zY2FsZWQuanBnIiwic2xpZGVzaG93IjoiMjQyZmNiOSJ9\" href=\"https:\/\/mhyecommerce.com\/wp-content\/uploads\/2025\/12\/Fasion-5-scaled.jpg\"><figure class=\"swiper-slide-inner\"><img decoding=\"async\" class=\"swiper-slide-image\" src=\"https:\/\/mhyecommerce.com\/wp-content\/uploads\/2025\/12\/Fasion-5-scaled.jpg\" alt=\"\" \/><\/figure><\/a><\/div><div class=\"swiper-slide\" role=\"group\" aria-roledescription=\"slide\" aria-label=\"13 of 16\"><a data-elementor-open-lightbox=\"yes\" data-elementor-lightbox-slideshow=\"242fcb9\" data-e-action-hash=\"#elementor-action%3Aaction%3Dlightbox%26settings%3DeyJpZCI6NDg0NywidXJsIjoiaHR0cHM6XC9cL21oeWVjb21tZXJjZS5jb21cL3dwLWNvbnRlbnRcL3VwbG9hZHNcLzIwMjVcLzEyXC9Nb2RlbC1EdXotS2FybWEtS3Vyay0yLTEtc2NhbGVkLmpwZyIsInNsaWRlc2hvdyI6IjI0MmZjYjkifQ%3D%3D\" href=\"https:\/\/mhyecommerce.com\/wp-content\/uploads\/2025\/12\/Model-Duz-Karma-Kurk-2-1-scaled.jpg\"><figure class=\"swiper-slide-inner\"><img decoding=\"async\" class=\"swiper-slide-image\" src=\"https:\/\/mhyecommerce.com\/wp-content\/uploads\/2025\/12\/Model-Duz-Karma-Kurk-2-1-scaled.jpg\" alt=\"\" \/><\/figure><\/a><\/div><div class=\"swiper-slide\" role=\"group\" aria-roledescription=\"slide\" aria-label=\"14 of 16\"><a data-elementor-open-lightbox=\"yes\" data-elementor-lightbox-slideshow=\"242fcb9\" data-e-action-hash=\"#elementor-action%3Aaction%3Dlightbox%26settings%3DeyJpZCI6NDgzNywidXJsIjoiaHR0cHM6XC9cL21oeWVjb21tZXJjZS5jb21cL3dwLWNvbnRlbnRcL3VwbG9hZHNcLzIwMjVcLzEyXC9GYXNpb24tNC1zY2FsZWQuanBnIiwic2xpZGVzaG93IjoiMjQyZmNiOSJ9\" href=\"https:\/\/mhyecommerce.com\/wp-content\/uploads\/2025\/12\/Fasion-4-scaled.jpg\"><figure class=\"swiper-slide-inner\"><img decoding=\"async\" class=\"swiper-slide-image\" src=\"https:\/\/mhyecommerce.com\/wp-content\/uploads\/2025\/12\/Fasion-4-scaled.jpg\" alt=\"\" \/><\/figure><\/a><\/div><div class=\"swiper-slide\" role=\"group\" aria-roledescription=\"slide\" aria-label=\"15 of 16\"><a data-elementor-open-lightbox=\"yes\" data-elementor-lightbox-slideshow=\"242fcb9\" data-e-action-hash=\"#elementor-action%3Aaction%3Dlightbox%26settings%3DeyJpZCI6NDgzNiwidXJsIjoiaHR0cHM6XC9cL21oeWVjb21tZXJjZS5jb21cL3dwLWNvbnRlbnRcL3VwbG9hZHNcLzIwMjVcLzEyXC9GYXNpb24tMy1zY2FsZWQuanBnIiwic2xpZGVzaG93IjoiMjQyZmNiOSJ9\" href=\"https:\/\/mhyecommerce.com\/wp-content\/uploads\/2025\/12\/Fasion-3-scaled.jpg\"><figure class=\"swiper-slide-inner\"><img decoding=\"async\" class=\"swiper-slide-image\" src=\"https:\/\/mhyecommerce.com\/wp-content\/uploads\/2025\/12\/Fasion-3-scaled.jpg\" alt=\"\" \/><\/figure><\/a><\/div><div class=\"swiper-slide\" role=\"group\" aria-roledescription=\"slide\" aria-label=\"16 of 16\"><a data-elementor-open-lightbox=\"yes\" data-elementor-lightbox-slideshow=\"242fcb9\" data-e-action-hash=\"#elementor-action%3Aaction%3Dlightbox%26settings%3DeyJpZCI6NDgzNCwidXJsIjoiaHR0cHM6XC9cL21oeWVjb21tZXJjZS5jb21cL3dwLWNvbnRlbnRcL3VwbG9hZHNcLzIwMjVcLzEyXC9GYXNpb24tMTEtc2NhbGVkLmpwZyIsInNsaWRlc2hvdyI6IjI0MmZjYjkifQ%3D%3D\" href=\"https:\/\/mhyecommerce.com\/wp-content\/uploads\/2025\/12\/Fasion-11-scaled.jpg\"><figure class=\"swiper-slide-inner\"><img decoding=\"async\" class=\"swiper-slide-image\" src=\"https:\/\/mhyecommerce.com\/wp-content\/uploads\/2025\/12\/Fasion-11-scaled.jpg\" alt=\"\" \/><\/figure><\/a><\/div>\t\t\t<\/div>\n\t\t\t\t\t\t\t\t\t\t\t\t<div class=\"elementor-swiper-button elementor-swiper-button-prev\" role=\"button\" tabindex=\"0\">\n\t\t\t\t\t\t<i aria-hidden=\"true\" class=\"eicon-chevron-left\"><\/i>\t\t\t\t\t<\/div>\n\t\t\t\t\t<div class=\"elementor-swiper-button elementor-swiper-button-next\" role=\"button\" tabindex=\"0\">\n\t\t\t\t\t\t<i aria-hidden=\"true\" class=\"eicon-chevron-right\"><\/i>\t\t\t\t\t<\/div>\n\t\t\t\t\n\t\t\t\t\t\t\t\t\t<\/div>\n\t\t\t\t\t\t<\/div>\n\t\t\t\t<\/div>\n\t\t\t\t<div class=\"elementor-element elementor-element-819cc67 elementor-widget elementor-widget-text-editor\" data-id=\"819cc67\" data-element_type=\"widget\" data-e-type=\"widget\" data-widget_type=\"text-editor.default\">\n\t\t\t\t<div class=\"elementor-widget-container\">\n\t\t\t\t\t\t\t\t\t<p data-start=\"0\" data-end=\"255\">FORQFORTY\u2019s coat collection brings together <strong data-start=\"44\" data-end=\"67\">elegance and warmth<\/strong> through exclusive designs made from <strong data-start=\"104\" data-end=\"129\">high-quality faux fur<\/strong>. Carefully crafted, these coats are designed for those who want to <strong data-start=\"197\" data-end=\"213\">look stylish<\/strong> and <strong data-start=\"218\" data-end=\"238\">feel comfortable<\/strong> in cold weather.<\/p>\n<p data-start=\"257\" data-end=\"666\">Each coat in the collection is designed for <strong data-start=\"301\" data-end=\"318\">long-term use<\/strong>, maintaining its <strong data-start=\"336\" data-end=\"359\">shape and structure<\/strong> over time. Textures such as <strong data-start=\"388\" data-end=\"425\">Faux Mink, Faux Toscana, Faux Fox<\/strong>, and similar materials offer a <strong data-start=\"457\" data-end=\"482\">natural fur-like look<\/strong>, while providing an <strong data-start=\"503\" data-end=\"546\">animal-friendly and ethical alternative<\/strong>. This creates a strong option for those who want a <strong data-start=\"598\" data-end=\"619\">refined aesthetic<\/strong> without compromising on <strong data-start=\"644\" data-end=\"665\">conscious choices<\/strong>.<\/p>\n<p data-start=\"668\" data-end=\"1031\">Our coats don\u2019t just look elegant; they also provide <strong data-start=\"721\" data-end=\"740\">high insulation<\/strong> and <strong data-start=\"745\" data-end=\"766\">warmth protection<\/strong> in cold conditions. A <strong data-start=\"789\" data-end=\"814\">structured silhouette<\/strong>, <strong data-start=\"816\" data-end=\"829\">clean cut<\/strong>, and <strong data-start=\"835\" data-end=\"860\">balanced construction<\/strong> are checked <strong data-start=\"873\" data-end=\"909\">multiple times during production<\/strong> before each piece is added to the collection. This level of care ensures that the <strong data-start=\"992\" data-end=\"1030\">first-wear feeling lasts over time<\/strong>.<\/p>\n<p data-start=\"1033\" data-end=\"1320\">Every piece shows its value through <strong data-start=\"1069\" data-end=\"1092\">attention to detail<\/strong>. <strong data-start=\"1094\" data-end=\"1110\">Stitch lines<\/strong>, <strong data-start=\"1112\" data-end=\"1135\">texture transitions<\/strong>, and the overall <strong data-start=\"1153\" data-end=\"1167\">silhouette<\/strong> are shaped with a <strong data-start=\"1186\" data-end=\"1218\">craftsmanship-first approach<\/strong>. As a result, these coats are not a temporary choice, but a <strong data-start=\"1279\" data-end=\"1319\">lasting part of your winter wardrobe<\/strong>.&nbsp;<br><span style=\"font-style: inherit; font-weight: inherit;\">In short, the FORQFORTY coat collection offers an outerwear experience that brings <\/span><strong data-start=\"1405\" data-end=\"1456\" style=\"font-style: inherit;\">aesthetics, durability, and an ethical approach<\/strong><span style=\"font-style: inherit; font-weight: inherit;\"> together on the same line\u2014designed for those who seek the <\/span><strong data-start=\"1515\" data-end=\"1578\" style=\"font-style: inherit;\">right shape, the right texture, and the right craftsmanship<\/strong><span style=\"font-style: inherit; font-weight: inherit;\">.<\/span><\/p>\t\t\t\t\t\t\t\t<\/div>\n\t\t\t\t<\/div>\n\t\t\t\t\t<\/div>\n\t\t\t\t<\/div>\n\t\t\t\t<\/div>\n\t\t","protected":false},"excerpt":{"rendered":"<p>JACKETS FORQFORTY\u2019s coat collection brings together elegance and warmth through exclusive designs made from high-quality faux fur. Carefully crafted, these coats are designed for those who want to look stylish and feel comfortable in cold weather. Each coat in the collection is designed for long-term use, maintaining its shape and structure over time. Textures such as Faux Mink, Faux Toscana, Faux Fox, and similar materials offer a natural fur-like look, while providing an animal-friendly and ethical alternative. This creates a strong option for those who want a refined aesthetic without compromising on conscious choices. Our coats don\u2019t just look elegant; they also provide high insulation and warmth protection in cold conditions. A structured silhouette, clean cut, and balanced construction are checked multiple times during production before each piece is added to the collection. This level of care ensures that the first-wear feeling lasts over time. Every piece shows its value through attention to detail. Stitch lines, texture transitions, and the overall silhouette are shaped with a craftsmanship-first approach. As a result, these coats are not a temporary choice, but a lasting part of your winter wardrobe.&nbsp;In short, the FORQFORTY coat collection offers an outerwear experience that brings aesthetics, durability, and an ethical approach together on the same line\u2014designed for those who seek the right shape, the right texture, and the right craftsmanship.<\/p>\n","protected":false},"author":1,"featured_media":0,"parent":0,"menu_order":0,"comment_status":"closed","ping_status":"closed","template":"","meta":{"site-sidebar-layout":"no-sidebar","site-content-layout":"page-builder","ast-site-content-layout":"full-width-container","site-content-style":"unboxed","site-sidebar-style":"unboxed","ast-global-header-display":"","ast-banner-title-visibility":"","ast-main-header-display":"","ast-hfb-above-header-display":"","ast-hfb-below-header-display":"","ast-hfb-mobile-header-display":"","site-post-title":"disabled","ast-breadcrumbs-content":"disabled","ast-featured-img":"disabled","footer-sml-layout":"","ast-disable-related-posts":"","theme-transparent-header-meta":"enabled","adv-header-id-meta":"","stick-header-meta":"","header-above-stick-meta":"","header-main-stick-meta":"","header-below-stick-meta":"","astra-migrate-meta-layouts":"set","ast-page-background-enabled":"default","ast-page-background-meta":{"desktop":{"background-color":"","background-image":"","background-repeat":"repeat","background-position":"center center","background-size":"auto","background-attachment":"scroll","background-type":"","background-media":"","overlay-type":"","overlay-color":"","overlay-opacity":"","overlay-gradient":""},"tablet":{"background-color":"","background-image":"","background-repeat":"repeat","background-position":"center center","background-size":"auto","background-attachment":"scroll","background-type":"","background-media":"","overlay-type":"","overlay-color":"","overlay-opacity":"","overlay-gradient":""},"mobile":{"background-color":"","background-image":"","background-repeat":"repeat","background-position":"center center","background-size":"auto","background-attachment":"scroll","background-type":"","background-media":"","overlay-type":"","overlay-color":"","overlay-opacity":"","overlay-gradient":""}},"ast-content-background-meta":{"desktop":{"background-color":"var(--ast-global-color-5)","background-image":"","background-repeat":"repeat","background-position":"center center","background-size":"auto","background-attachment":"scroll","background-type":"","background-media":"","overlay-type":"","overlay-color":"","overlay-opacity":"","overlay-gradient":""},"tablet":{"background-color":"var(--ast-global-color-5)","background-image":"","background-repeat":"repeat","background-position":"center center","background-size":"auto","background-attachment":"scroll","background-type":"","background-media":"","overlay-type":"","overlay-color":"","overlay-opacity":"","overlay-gradient":""},"mobile":{"background-color":"var(--ast-global-color-5)","background-image":"","background-repeat":"repeat","background-position":"center center","background-size":"auto","background-attachment":"scroll","background-type":"","background-media":"","overlay-type":"","overlay-color":"","overlay-opacity":"","overlay-gradient":""}},"footnotes":""},"class_list":["post-6547","page","type-page","status-publish","hentry"],"_links":{"self":[{"href":"https:\/\/mhyecommerce.com\/en\/wp-json\/wp\/v2\/pages\/6547","targetHints":{"allow":["GET"]}}],"collection":[{"href":"https:\/\/mhyecommerce.com\/en\/wp-json\/wp\/v2\/pages"}],"about":[{"href":"https:\/\/mhyecommerce.com\/en\/wp-json\/wp\/v2\/types\/page"}],"author":[{"embeddable":true,"href":"https:\/\/mhyecommerce.com\/en\/wp-json\/wp\/v2\/users\/1"}],"replies":[{"embeddable":true,"href":"https:\/\/mhyecommerce.com\/en\/wp-json\/wp\/v2\/comments?post=6547"}],"version-history":[{"count":32,"href":"https:\/\/mhyecommerce.com\/en\/wp-json\/wp\/v2\/pages\/6547\/revisions"}],"predecessor-version":[{"id":7569,"href":"https:\/\/mhyecommerce.com\/en\/wp-json\/wp\/v2\/pages\/6547\/revisions\/7569"}],"wp:attachment":[{"href":"https:\/\/mhyecommerce.com\/en\/wp-json\/wp\/v2\/media?parent=6547"}],"curies":[{"name":"wp","href":"https:\/\/api.w.org\/{rel}","templated":true}]}}